{"id":17,"date":"2022-03-18T02:39:52","date_gmt":"2022-03-18T02:39:52","guid":{"rendered":"https:\/\/sebastiancohen.net\/?page_id=17"},"modified":"2025-02-24T01:40:34","modified_gmt":"2025-02-24T01:40:34","slug":"project-details","status":"publish","type":"page","link":"https:\/\/sebastiancohen.net\/en\/project-details\/","title":{"rendered":"Resume"},"content":{"rendered":"\n<div class=\"wp-block-media-text is-stacked-on-mobile\"><figure class=\"wp-block-media-text__media\"><img loading=\"lazy\" decoding=\"async\" width=\"1024\" height=\"683\" src=\"https:\/\/sebastiancohen.net\/wp-content\/uploads\/2025\/02\/IMG_3088-1024x683.jpg\" alt=\"\" class=\"wp-image-362 size-full\" srcset=\"https:\/\/sebastiancohen.net\/wp-content\/uploads\/2025\/02\/IMG_3088-1024x683.jpg 1024w, https:\/\/sebastiancohen.net\/wp-content\/uploads\/2025\/02\/IMG_3088-300x200.jpg 300w, https:\/\/sebastiancohen.net\/wp-content\/uploads\/2025\/02\/IMG_3088-768x512.jpg 768w, https:\/\/sebastiancohen.net\/wp-content\/uploads\/2025\/02\/IMG_3088-1536x1024.jpg 1536w, https:\/\/sebastiancohen.net\/wp-content\/uploads\/2025\/02\/IMG_3088-2048x1365.jpg 2048w, https:\/\/sebastiancohen.net\/wp-content\/uploads\/2025\/02\/IMG_3088-18x12.jpg 18w, https:\/\/sebastiancohen.net\/wp-content\/uploads\/2025\/02\/IMG_3088-930x620.jpg 930w\" sizes=\"auto, (max-width: 1024px) 100vw, 1024px\" \/><\/figure><div class=\"wp-block-media-text__content\">\n<p><\/p>\n\n\n\n<p><\/p>\n\n\n\n<p><\/p>\n\n\n\n<p><strong>EDUCATION<\/strong><\/p>\n\n\n\n<ul class=\"wp-block-list\">\n<li>Doctor of Music (D.Mus.), Universit\u00e9 de Montr\u00e9al. Canada (2011)<\/li>\n\n\n\n<li>Advanced Degree in Conducting, Universidad Cat\u00f3lica Argentina. Argentina (1997)<\/li>\n\n\n\n<li>Bachelor of Music in Piano, Instituto Universitario Nacional de Arte. Argentina (1994)<\/li>\n\n\n\n<li>Bachelor of Music, major in Music Education, Conservatorio Nacional L\u00f3pez Buchardo. Argentina (1997)<\/li>\n\n\n\n<li>Conducting Teachers: Paolo Bellomia (Universit\u00e9 de Montr\u00e9al), Jean-Fran\u00e7ois Rivest (Universit\u00e9 de Montr\u00e9al), and Guillermo Scarabino (Universidad Cat\u00f3lica Argentina)<\/li>\n<\/ul>\n<\/div><\/div>\n\n\n\n<div class=\"wp-block-cover alignfull\" style=\"min-height:314px;aspect-ratio:unset;\"><span aria-hidden=\"true\" class=\"wp-block-cover__background has-nv-light-bg-background-color has-background-dim-100 has-background-dim\"><\/span><div class=\"wp-block-cover__inner-container is-layout-flow wp-block-cover-is-layout-flow\">\n<p><\/p>\n\n\n\n<p class=\"has-neve-link-color-color has-text-color\" style=\"font-size:18px\"><strong>MASTERCLASSES<\/strong><br><\/p>\n\n\n\n<ul style=\"font-size:18px\" class=\"wp-block-list has-neve-link-color-color has-text-color\">\n<li>Charles Dutoit, Orquesta Filarm\u00f3nica del Teatro Col\u00f3n, Argentina.<\/li>\n\n\n\n<li>Donald Portnoy, Conductor\u2019s Institute of South Carolina.<\/li>\n\n\n\n<li>Helmuth Rilling, Asociaci\u00f3n de Festivales Musicales, Argentina.<\/li>\n\n\n\n<li>Kurt Masur, Teatro Col\u00f3n Youth Symphony Orchestra, Argentina.<\/li>\n\n\n\n<li>Jean Fournet, Orquesta Filarm\u00f3nica de Buenos Aires, Argentina.<\/li>\n\n\n\n<li>Mark Shapiro, Juilliard School of Music. New York, United States.<\/li>\n\n\n\n<li>Paolo Bellomia. Carleton University Orchestra, Canada.<\/li>\n\n\n\n<li>Luis Gorelik, University of Concepci\u00f3n Symphony Orchestra, Chile.<\/li>\n\n\n\n<li>Guillermo Scarabino. Teatro Col\u00f3n Youth Symphony, Argentina.<\/li>\n\n\n\n<li>Robert Sund, Choral Conducting Workshop, Argentina.<\/li>\n<\/ul>\n<\/div><\/div>\n\n\n\n<p><\/p>\n\n\n\n<p><strong>PROFESSIONAL CONDUCTING EXPERIENCE<\/strong><\/p>\n\n\n\n<ul class=\"wp-block-list\">\n<li>Music and Artistic Director. Veracruz Youth Symphony Orchestra, Mexico.<\/li>\n\n\n\n<li>Music and Artistic Director. University of Panama Symphony Orchestra, Panama.<\/li>\n\n\n\n<li>Music and Artistic Director Orchestra of the Escuela Superior de M\u00fasica of the National Centre for the Arts, Mexico.<\/li>\n\n\n\n<li>Assistant conductor. Orchestre de l\u2019Universit\u00e9 de Montr\u00e9al. Montr\u00e9al, Canada.<\/li>\n\n\n\n<li>Assistant conductor. Orchestre de la Francophonie Canadienne. Montr\u00e9al, Canada.<\/li>\n\n\n\n<li>Assistant conductor. Orchestre XXI. Montr\u00e9al, Canada.<\/li>\n\n\n\n<li>Assistant conductor. Orquesta Sinf\u00f3nica Juvenil de la Radio Nacional. Buenos Aires, Argentina.<\/li>\n\n\n\n<li>Music and Artistic Director. Orquesta Sinf\u00f3nica de Corrientes. Argentina.<\/li>\n<\/ul>\n\n\n\n<div class=\"wp-block-cover alignfull\" style=\"min-height:314px;aspect-ratio:unset;\"><span aria-hidden=\"true\" class=\"wp-block-cover__background has-nv-light-bg-background-color has-background-dim-100 has-background-dim\"><\/span><div class=\"wp-block-cover__inner-container is-layout-flow wp-block-cover-is-layout-flow\">\n<p><\/p>\n\n\n\n<p class=\"has-neve-link-color-color has-text-color\" style=\"font-size:18px\"><strong>GUEST CONDUCTING<\/strong><br><\/p>\n\n\n\n<ul style=\"font-size:18px\" class=\"wp-block-list has-neve-link-color-color has-text-color\">\n<li>Xalapa Symphony Orchestra, Mexico.<\/li>\n\n\n\n<li>National Symphony Orchestra of Panama.<\/li>\n\n\n\n<li>Youth Orchestra of Panama, Panama.<\/li>\n\n\n\n<li>Orchestra of the <em>Escuela Superior de M\u00fasica y Danza<\/em> of the National Institute of Fine Arts, Monterrey, Mexico.<\/li>\n\n\n\n<li><em>Atelier de musique contemporaine<\/em>. Montreal, Canada.<\/li>\n\n\n\n<li><em>Orquesta Sinf\u00f3nica de la Universidad Nacional de Tucum\u00e1n<\/em>. Argentina.<\/li>\n\n\n\n<li><em>Orquesta de C\u00e1mara de Tandil<\/em>. Argentina.<\/li>\n\n\n\n<li><em>Orquesta Sinf\u00f3nica del Mercosur<\/em>. Buenos Aires, Argentina.<\/li>\n<\/ul>\n<\/div><\/div>\n\n\n\n<p><\/p>\n\n\n\n<p><strong>TEACHING EXPERIENCE<\/strong><\/p>\n\n\n\n<ul class=\"wp-block-list\">\n<li>Professor of performance, orchestra repertoire, and rehearsal techniques. Higher Education Institute of Music of the State of Veracruz (<em>Instituto Superior de M\u00fasica del Estado de Veracruz &#8211; ISMEV<\/em>), Mexico.<\/li>\n\n\n\n<li>Professor of analysis (Harmony and counterpoint), History of Music and Orchestra Conducting. University of Panama, Panama.<\/li>\n\n\n\n<li>Professor of Harmony, Conducting, and Chamber Music. <em>Escuela Superior de M\u00fasica<\/em>, National Centre for the Arts, Mexico City.<\/li>\n\n\n\n<li>Lecturer on musical theory and research. <em>Centro Nacional de Investigaci\u00f3n, Documentaci\u00f3n e Informaci\u00f3n Musical Carlos Chav\u00e9z<\/em>, Mexico City.<\/li>\n\n\n\n<li>Professor of Analysis, Harmony, Counterpoint, and Composition. <em>Instituto Cardenal Miranda<\/em>, Mexico City.<\/li>\n\n\n\n<li>Assistant professor. Orchestral conducting techniques. <em>Universit\u00e9 de Montr\u00e9al<\/em>.<\/li>\n\n\n\n<li>Professor of Analysis, Harmony, and Counterpoint. <em>Instituto Superior de m\u00fasica de Corrientes, Argentina<\/em>.<\/li>\n<\/ul>\n\n\n\n<p class=\"has-neve-link-color-color has-text-color\" style=\"font-size:18px\"><br><\/p>\n\n\n\n<div class=\"wp-block-cover alignfull\" style=\"min-height:314px;aspect-ratio:unset;\"><span aria-hidden=\"true\" class=\"wp-block-cover__background has-nv-light-bg-background-color has-background-dim-100 has-background-dim\"><\/span><div class=\"wp-block-cover__inner-container is-layout-flow wp-block-cover-is-layout-flow\">\n<p class=\"has-neve-link-color-color has-text-color\" style=\"font-size:18px\"><strong>SCHOLARSHIPS AND CONTESTS<\/strong><\/p>\n\n\n\n<ul style=\"font-size:18px\" class=\"wp-block-list has-neve-link-color-color has-text-color\">\n<li>Doctoral scholarship for international students. Facult\u00e9 d\u2019\u00e9tudes sup\u00e9rieures et postdoctorales (FESP). Universit\u00e9 de Montr\u00e9al. Canada.<\/li>\n\n\n\n<li>Merit Scholarship from the Comit\u00e9 des \u00e9tudes sup\u00e9rieures de la Facult\u00e9 de musique. Universit\u00e9 de Montr\u00e9al. Canada.<\/li>\n\n\n\n<li>Scholarship at the 2me programme r\u00e9gional de sp\u00e9cialisation et perfectionnement en direction orchestrale. Canada.<\/li>\n\n\n\n<li>Orchestra Conducting Scholarship by the Fundaci\u00f3n Teatro Col\u00f3n under the supervision of Maestro Javier Logioia. Argentina.<\/li>\n\n\n\n<li>Runner-up at the Young Orchestra Conductors Contest. Orquesta de C\u00e1mara de la Biblioteca del Congreso de la Naci\u00f3n. Argentina<\/li>\n<\/ul>\n\n\n\n<p class=\"has-neve-link-color-color has-text-color\" style=\"font-size:18px\"><\/p>\n<\/div><\/div>\n\n\n\n<p><\/p>\n","protected":false},"excerpt":{"rendered":"<p>PROFESSIONAL CONDUCTING EXPERIENCE TEACHING EXPERIENCE<\/p>\n","protected":false},"author":1,"featured_media":0,"parent":0,"menu_order":0,"comment_status":"closed","ping_status":"closed","template":"","meta":{"neve_meta_sidebar":"","neve_meta_container":"","neve_meta_enable_content_width":"on","neve_meta_content_width":100,"neve_meta_title_alignment":"","neve_meta_author_avatar":"","neve_post_elements_order":"","neve_meta_disable_header":"","neve_meta_disable_footer":"","neve_meta_disable_title":"on","footnotes":""},"class_list":["post-17","page","type-page","status-publish","hentry"],"jetpack_sharing_enabled":true,"_links":{"self":[{"href":"https:\/\/sebastiancohen.net\/en\/wp-json\/wp\/v2\/pages\/17","targetHints":{"allow":["GET"]}}],"collection":[{"href":"https:\/\/sebastiancohen.net\/en\/wp-json\/wp\/v2\/pages"}],"about":[{"href":"https:\/\/sebastiancohen.net\/en\/wp-json\/wp\/v2\/types\/page"}],"author":[{"embeddable":true,"href":"https:\/\/sebastiancohen.net\/en\/wp-json\/wp\/v2\/users\/1"}],"replies":[{"embeddable":true,"href":"https:\/\/sebastiancohen.net\/en\/wp-json\/wp\/v2\/comments?post=17"}],"version-history":[{"count":30,"href":"https:\/\/sebastiancohen.net\/en\/wp-json\/wp\/v2\/pages\/17\/revisions"}],"predecessor-version":[{"id":381,"href":"https:\/\/sebastiancohen.net\/en\/wp-json\/wp\/v2\/pages\/17\/revisions\/381"}],"wp:attachment":[{"href":"https:\/\/sebastiancohen.net\/en\/wp-json\/wp\/v2\/media?parent=17"}],"curies":[{"name":"wp","href":"https:\/\/api.w.org\/{rel}","templated":true}]}}