{"id":13,"date":"2022-03-18T02:39:48","date_gmt":"2022-03-18T02:39:48","guid":{"rendered":"https:\/\/sebastiancohen.net\/?page_id=13"},"modified":"2025-09-05T20:34:43","modified_gmt":"2025-09-05T20:34:43","slug":"home","status":"publish","type":"page","link":"https:\/\/sebastiancohen.net\/es\/","title":{"rendered":"DIRECTOR DE ORQUESTA"},"content":{"rendered":"<div class=\"wp-block-cover alignfull\" style=\"min-height:661px;aspect-ratio:unset;\"><span aria-hidden=\"true\" class=\"wp-block-cover__background has-nv-site-bg-background-color has-background-dim-100 has-background-dim\"><\/span><div class=\"wp-block-cover__inner-container is-layout-flow wp-block-cover-is-layout-flow\">\n<div class=\"wp-block-group\"><div class=\"wp-block-group__inner-container is-layout-flow wp-block-group-is-layout-flow\">\n<div class=\"wp-block-columns are-vertically-aligned-center is-layout-flex wp-container-core-columns-is-layout-9d6595d7 wp-block-columns-is-layout-flex\">\n<div class=\"wp-block-column is-vertically-aligned-center is-layout-flow wp-block-column-is-layout-flow\" style=\"flex-basis:50%\">\n<p>Dr. Sebastian Cohen<\/p>\n\n\n\n<p class=\"has-text-align-left has-neve-text-color-color has-text-color\" style=\"font-size:17px\">Doctorate in Orchestral Conducting from the University of Montreal, he is an artist dedicated to inspiring audiences with a profound, and passionate engagement with the most transcendent orchestral works. With extensive stylistic expertise across the repertoire, he brings valuable experience in conducting, contributing significantly to the artistic development and programming of orchestral organizations.<\/p>\n\n\n\n<p class=\"has-text-align-left has-neve-text-color-color has-text-color\" style=\"font-size:17px\"><br>Su formaci\u00f3n profesional se ha visto enriquecida en clases magistrales con los maestros Charles Dutoit, Helmut Rilling, Kurt Masur y Jean Fournet. Se ha desempe\u00f1ado como director invitado de las siguientes orquestas: Francofon\u00eda Canadiense, Sinf\u00f3nica de la Universidad de Montreal, Sinf\u00f3nica Juvenil del Teatro Col\u00f3n, Sinf\u00f3nica Juvenil de Radio Nacional, Sinf\u00f3nica Nacional de Panam\u00e1 y la Sinf\u00f3nica de Xalapa, entre otras.<\/p>\n\n\n\n<p class=\"has-text-align-left has-neve-text-color-color has-text-color\" style=\"font-size:17px\"><br>Su profunda versatilidad estil\u00edstica y su capacidad de interpretaci\u00f3n de diversos g\u00e9neros aunado a sus habilidades pedag\u00f3gicas fomenta un campo de difusi\u00f3n art\u00edstica que ha sido fielmente apreciado por los diversos auditorios. Su trabajo doctoral de investigaci\u00f3n sobre la obra de Gustav Mahler ha sido ampliamente reconocido a nivel anal\u00edtico, habiendo sido incluido en sus programas por el Centro Nacional para la Investigaci\u00f3n Musical, Documentaci\u00f3n e Informaci\u00f3n de M\u00e9xico.<\/p>\n\n\n\n<p class=\"has-text-align-left has-neve-text-color-color has-text-color\" style=\"font-size:17px\"><br>En el periodo 2011-2016 se desempe\u00f1\u00f3 como director art\u00edstico y musical de la Orquesta del Centro Nacional de las Artes en M\u00e9xico; sucesivamente, entre 2017 y 2021 como director de la Orquesta Sinf\u00f3nica de la Universidad de Panam\u00e1. En 2023 fue elegido director art\u00edstico y musical de la Orquesta Sinf\u00f3nica Juvenil del Estado de Veracruz, M\u00e9xico, galardonado a trav\u00e9s de un concurso de oposici\u00f3n.<\/p>\n\n\n\n<p class=\"has-text-align-left has-neve-text-color-color has-text-color\" style=\"font-size:17px\"><br><\/p>\n\n\n\n<p class=\"has-text-align-left has-neve-text-color-color has-text-color\" style=\"font-size:17px\"><\/p>\n\n\n\n<div class=\"wp-block-buttons is-content-justification-left is-layout-flex wp-container-core-buttons-is-layout-fdcfc74e wp-block-buttons-is-layout-flex\">\n<div class=\"wp-block-button is-style-primary\"><a class=\"wp-block-button__link wp-element-button\" href=\"https:\/\/sebastiancohen.net\/es\/about\/\">SEGUIR LEYENDO<\/a><\/div>\n<\/div>\n\n\n\n<div style=\"height:40px\" aria-hidden=\"true\" class=\"wp-block-spacer\"><\/div>\n<\/div>\n\n\n\n<div class=\"wp-block-column is-vertically-aligned-center is-layout-flow wp-block-column-is-layout-flow\" style=\"flex-basis:50%\">\n<figure class=\"wp-block-image size-full\"><img decoding=\"async\" src=\"https:\/\/sebastiancohen.net\/wp-content\/uploads\/2025\/02\/SebastianCohen.jpg\" alt=\"\" class=\"wp-image-347\"\/><\/figure>\n<\/div>\n<\/div>\n\n\n\n<div style=\"height:40px\" aria-hidden=\"true\" class=\"wp-block-spacer\"><\/div>\n<\/div><\/div>\n<\/div><\/div>\n\n\n\n<div class=\"wp-block-cover aligncenter\" style=\"min-height:1971px;aspect-ratio:unset;\"><span aria-hidden=\"true\" class=\"wp-block-cover__background has-nv-dark-bg-background-color has-background-dim-100 has-background-dim\"><\/span><div class=\"wp-block-cover__inner-container is-layout-flow wp-block-cover-is-layout-flow\">\n<div class=\"wp-block-group\"><div class=\"wp-block-group__inner-container is-layout-flow wp-block-group-is-layout-flow\">\n<figure class=\"wp-block-gallery has-nested-images columns-default is-cropped wp-block-gallery-1 is-layout-flex wp-block-gallery-is-layout-flex\">\n<figure class=\"wp-block-image size-large\"><img loading=\"lazy\" decoding=\"async\" width=\"862\" height=\"892\" data-id=\"49\" src=\"https:\/\/sebastiancohen.net\/wp-content\/uploads\/2022\/03\/SCohen4-5.png\" alt=\"\" class=\"wp-image-49\" srcset=\"https:\/\/sebastiancohen.net\/wp-content\/uploads\/2022\/03\/SCohen4-5.png 862w, https:\/\/sebastiancohen.net\/wp-content\/uploads\/2022\/03\/SCohen4-5-290x300.png 290w, https:\/\/sebastiancohen.net\/wp-content\/uploads\/2022\/03\/SCohen4-5-768x795.png 768w\" sizes=\"auto, (max-width: 862px) 100vw, 862px\" \/><\/figure>\n\n\n\n<figure class=\"wp-block-image size-large\"><img loading=\"lazy\" decoding=\"async\" width=\"1030\" height=\"587\" data-id=\"48\" src=\"https:\/\/sebastiancohen.net\/wp-content\/uploads\/2022\/03\/SCohen7-4.png\" alt=\"\" class=\"wp-image-48\" srcset=\"https:\/\/sebastiancohen.net\/wp-content\/uploads\/2022\/03\/SCohen7-4.png 1030w, https:\/\/sebastiancohen.net\/wp-content\/uploads\/2022\/03\/SCohen7-4-300x171.png 300w, https:\/\/sebastiancohen.net\/wp-content\/uploads\/2022\/03\/SCohen7-4-1024x584.png 1024w, https:\/\/sebastiancohen.net\/wp-content\/uploads\/2022\/03\/SCohen7-4-768x438.png 768w\" sizes=\"auto, (max-width: 1030px) 100vw, 1030px\" \/><\/figure>\n\n\n\n<figure class=\"wp-block-image size-large\"><img loading=\"lazy\" decoding=\"async\" width=\"1024\" height=\"890\" data-id=\"253\" src=\"https:\/\/sebastiancohen.net\/wp-content\/uploads\/2022\/03\/taller_de_la_memoria_22-1024x890.jpg\" alt=\"\" class=\"wp-image-253\" srcset=\"https:\/\/sebastiancohen.net\/wp-content\/uploads\/2022\/03\/taller_de_la_memoria_22-1024x890.jpg 1024w, https:\/\/sebastiancohen.net\/wp-content\/uploads\/2022\/03\/taller_de_la_memoria_22-300x261.jpg 300w, https:\/\/sebastiancohen.net\/wp-content\/uploads\/2022\/03\/taller_de_la_memoria_22-768x668.jpg 768w, https:\/\/sebastiancohen.net\/wp-content\/uploads\/2022\/03\/taller_de_la_memoria_22-14x12.jpg 14w, https:\/\/sebastiancohen.net\/wp-content\/uploads\/2022\/03\/taller_de_la_memoria_22.jpg 1325w\" sizes=\"auto, (max-width: 1024px) 100vw, 1024px\" \/><\/figure>\n\n\n\n<figure class=\"wp-block-image size-large\"><img loading=\"lazy\" decoding=\"async\" width=\"508\" height=\"532\" data-id=\"46\" src=\"https:\/\/sebastiancohen.net\/wp-content\/uploads\/2022\/03\/SCohen8-3.png\" alt=\"\" class=\"wp-image-46\" srcset=\"https:\/\/sebastiancohen.net\/wp-content\/uploads\/2022\/03\/SCohen8-3.png 508w, https:\/\/sebastiancohen.net\/wp-content\/uploads\/2022\/03\/SCohen8-3-286x300.png 286w\" sizes=\"auto, (max-width: 508px) 100vw, 508px\" \/><\/figure>\n\n\n\n<figure class=\"wp-block-image size-large\"><img loading=\"lazy\" decoding=\"async\" width=\"816\" height=\"548\" data-id=\"284\" src=\"https:\/\/sebastiancohen.net\/wp-content\/uploads\/2022\/03\/bsas-1.jpg\" alt=\"\" class=\"wp-image-284\" srcset=\"https:\/\/sebastiancohen.net\/wp-content\/uploads\/2022\/03\/bsas-1.jpg 816w, https:\/\/sebastiancohen.net\/wp-content\/uploads\/2022\/03\/bsas-1-300x201.jpg 300w, https:\/\/sebastiancohen.net\/wp-content\/uploads\/2022\/03\/bsas-1-768x516.jpg 768w, https:\/\/sebastiancohen.net\/wp-content\/uploads\/2022\/03\/bsas-1-18x12.jpg 18w\" sizes=\"auto, (max-width: 816px) 100vw, 816px\" \/><\/figure>\n\n\n\n<figure class=\"wp-block-image size-large\"><img loading=\"lazy\" decoding=\"async\" width=\"806\" height=\"822\" data-id=\"53\" src=\"https:\/\/sebastiancohen.net\/wp-content\/uploads\/2022\/03\/SCohen6-3.png\" alt=\"\" class=\"wp-image-53\" srcset=\"https:\/\/sebastiancohen.net\/wp-content\/uploads\/2022\/03\/SCohen6-3.png 806w, https:\/\/sebastiancohen.net\/wp-content\/uploads\/2022\/03\/SCohen6-3-294x300.png 294w, https:\/\/sebastiancohen.net\/wp-content\/uploads\/2022\/03\/SCohen6-3-768x783.png 768w\" sizes=\"auto, (max-width: 806px) 100vw, 806px\" \/><\/figure>\n\n\n\n<figure class=\"wp-block-image size-large\"><img loading=\"lazy\" decoding=\"async\" width=\"1024\" height=\"576\" data-id=\"282\" src=\"https:\/\/sebastiancohen.net\/wp-content\/uploads\/2022\/03\/WhatsApp-Image-2022-03-20-at-5.27.40-PM-1024x576.jpeg\" alt=\"\" class=\"wp-image-282\" srcset=\"https:\/\/sebastiancohen.net\/wp-content\/uploads\/2022\/03\/WhatsApp-Image-2022-03-20-at-5.27.40-PM-1024x576.jpeg 1024w, https:\/\/sebastiancohen.net\/wp-content\/uploads\/2022\/03\/WhatsApp-Image-2022-03-20-at-5.27.40-PM-300x169.jpeg 300w, https:\/\/sebastiancohen.net\/wp-content\/uploads\/2022\/03\/WhatsApp-Image-2022-03-20-at-5.27.40-PM-768x432.jpeg 768w, https:\/\/sebastiancohen.net\/wp-content\/uploads\/2022\/03\/WhatsApp-Image-2022-03-20-at-5.27.40-PM-18x10.jpeg 18w, https:\/\/sebastiancohen.net\/wp-content\/uploads\/2022\/03\/WhatsApp-Image-2022-03-20-at-5.27.40-PM.jpeg 1080w\" sizes=\"auto, (max-width: 1024px) 100vw, 1024px\" \/><\/figure>\n\n\n\n<figure class=\"wp-block-image size-large\"><img loading=\"lazy\" decoding=\"async\" width=\"915\" height=\"757\" data-id=\"47\" src=\"https:\/\/sebastiancohen.net\/wp-content\/uploads\/2022\/03\/SCohen1-3.png\" alt=\"\" class=\"wp-image-47\" srcset=\"https:\/\/sebastiancohen.net\/wp-content\/uploads\/2022\/03\/SCohen1-3.png 915w, https:\/\/sebastiancohen.net\/wp-content\/uploads\/2022\/03\/SCohen1-3-300x248.png 300w, https:\/\/sebastiancohen.net\/wp-content\/uploads\/2022\/03\/SCohen1-3-768x635.png 768w\" sizes=\"auto, (max-width: 915px) 100vw, 915px\" \/><\/figure>\n\n\n\n<figure class=\"wp-block-image size-large\"><img loading=\"lazy\" decoding=\"async\" width=\"1024\" height=\"576\" data-id=\"252\" src=\"https:\/\/sebastiancohen.net\/wp-content\/uploads\/2022\/03\/taller_de_la_memoria-1024x576.jpg\" alt=\"\" class=\"wp-image-252\" srcset=\"https:\/\/sebastiancohen.net\/wp-content\/uploads\/2022\/03\/taller_de_la_memoria-1024x576.jpg 1024w, https:\/\/sebastiancohen.net\/wp-content\/uploads\/2022\/03\/taller_de_la_memoria-300x169.jpg 300w, https:\/\/sebastiancohen.net\/wp-content\/uploads\/2022\/03\/taller_de_la_memoria-768x432.jpg 768w, https:\/\/sebastiancohen.net\/wp-content\/uploads\/2022\/03\/taller_de_la_memoria-1536x864.jpg 1536w, https:\/\/sebastiancohen.net\/wp-content\/uploads\/2022\/03\/taller_de_la_memoria-18x10.jpg 18w, https:\/\/sebastiancohen.net\/wp-content\/uploads\/2022\/03\/taller_de_la_memoria.jpg 2048w\" sizes=\"auto, (max-width: 1024px) 100vw, 1024px\" \/><\/figure>\n\n\n\n<figure class=\"wp-block-image size-large\"><img loading=\"lazy\" decoding=\"async\" width=\"1024\" height=\"682\" data-id=\"286\" src=\"https:\/\/sebastiancohen.net\/wp-content\/uploads\/2022\/03\/IMG_20170929_085517-1024x682.jpg\" alt=\"\" class=\"wp-image-286\" srcset=\"https:\/\/sebastiancohen.net\/wp-content\/uploads\/2022\/03\/IMG_20170929_085517-1024x682.jpg 1024w, https:\/\/sebastiancohen.net\/wp-content\/uploads\/2022\/03\/IMG_20170929_085517-300x200.jpg 300w, https:\/\/sebastiancohen.net\/wp-content\/uploads\/2022\/03\/IMG_20170929_085517-768x512.jpg 768w, https:\/\/sebastiancohen.net\/wp-content\/uploads\/2022\/03\/IMG_20170929_085517-18x12.jpg 18w, https:\/\/sebastiancohen.net\/wp-content\/uploads\/2022\/03\/IMG_20170929_085517-930x620.jpg 930w, https:\/\/sebastiancohen.net\/wp-content\/uploads\/2022\/03\/IMG_20170929_085517.jpg 1280w\" sizes=\"auto, (max-width: 1024px) 100vw, 1024px\" \/><\/figure>\n\n\n\n<figure class=\"wp-block-image size-large\"><img loading=\"lazy\" decoding=\"async\" width=\"1013\" height=\"883\" data-id=\"50\" src=\"https:\/\/sebastiancohen.net\/wp-content\/uploads\/2022\/03\/SCohen2-3.png\" alt=\"\" class=\"wp-image-50\" srcset=\"https:\/\/sebastiancohen.net\/wp-content\/uploads\/2022\/03\/SCohen2-3.png 1013w, https:\/\/sebastiancohen.net\/wp-content\/uploads\/2022\/03\/SCohen2-3-300x262.png 300w, https:\/\/sebastiancohen.net\/wp-content\/uploads\/2022\/03\/SCohen2-3-768x669.png 768w\" sizes=\"auto, (max-width: 1013px) 100vw, 1013px\" \/><\/figure>\n\n\n\n<figure class=\"wp-block-image size-large\"><img loading=\"lazy\" decoding=\"async\" width=\"745\" height=\"763\" data-id=\"54\" src=\"https:\/\/sebastiancohen.net\/wp-content\/uploads\/2022\/03\/SCohen5-2.png\" alt=\"\" class=\"wp-image-54\" srcset=\"https:\/\/sebastiancohen.net\/wp-content\/uploads\/2022\/03\/SCohen5-2.png 745w, https:\/\/sebastiancohen.net\/wp-content\/uploads\/2022\/03\/SCohen5-2-293x300.png 293w\" sizes=\"auto, (max-width: 745px) 100vw, 745px\" \/><\/figure>\n\n\n\n<figure class=\"wp-block-image size-large\"><img loading=\"lazy\" decoding=\"async\" width=\"1350\" height=\"788\" data-id=\"51\" src=\"https:\/\/sebastiancohen.net\/wp-content\/uploads\/2022\/03\/SCohen3-2.png\" alt=\"\" class=\"wp-image-51\" srcset=\"https:\/\/sebastiancohen.net\/wp-content\/uploads\/2022\/03\/SCohen3-2.png 1350w, https:\/\/sebastiancohen.net\/wp-content\/uploads\/2022\/03\/SCohen3-2-300x175.png 300w, https:\/\/sebastiancohen.net\/wp-content\/uploads\/2022\/03\/SCohen3-2-1024x598.png 1024w, https:\/\/sebastiancohen.net\/wp-content\/uploads\/2022\/03\/SCohen3-2-768x448.png 768w\" sizes=\"auto, (max-width: 1350px) 100vw, 1350px\" \/><\/figure>\n\n\n\n<figure class=\"wp-block-image size-large is-style-default\"><img loading=\"lazy\" decoding=\"async\" width=\"720\" height=\"360\" data-id=\"52\" src=\"https:\/\/sebastiancohen.net\/wp-content\/uploads\/2022\/03\/SCohen9-3.png\" alt=\"\" class=\"wp-image-52\" srcset=\"https:\/\/sebastiancohen.net\/wp-content\/uploads\/2022\/03\/SCohen9-3.png 720w, https:\/\/sebastiancohen.net\/wp-content\/uploads\/2022\/03\/SCohen9-3-300x150.png 300w\" sizes=\"auto, (max-width: 720px) 100vw, 720px\" \/><\/figure>\n\n\n\n<figure class=\"wp-block-image size-large\"><img loading=\"lazy\" decoding=\"async\" width=\"818\" height=\"648\" data-id=\"283\" src=\"https:\/\/sebastiancohen.net\/wp-content\/uploads\/2022\/03\/IMG_20170929_085627_2-2.jpg\" alt=\"\" class=\"wp-image-283\" srcset=\"https:\/\/sebastiancohen.net\/wp-content\/uploads\/2022\/03\/IMG_20170929_085627_2-2.jpg 818w, https:\/\/sebastiancohen.net\/wp-content\/uploads\/2022\/03\/IMG_20170929_085627_2-2-300x238.jpg 300w, https:\/\/sebastiancohen.net\/wp-content\/uploads\/2022\/03\/IMG_20170929_085627_2-2-768x608.jpg 768w, https:\/\/sebastiancohen.net\/wp-content\/uploads\/2022\/03\/IMG_20170929_085627_2-2-15x12.jpg 15w\" sizes=\"auto, (max-width: 818px) 100vw, 818px\" \/><\/figure>\n<\/figure>\n<\/div><\/div>\n<\/div><\/div>\n\n\n\n<p><\/p>\n\n\n\n<p><\/p>\n\n\n\n<p><\/p>\n\n\n<div class=\"wp-block-image\">\n<figure class=\"aligncenter size-full is-resized\"><a href=\"https:\/\/www.youtube.com\/channel\/UC5RPFmBgc_RESRKogu6ozPA\" target=\"_blank\" rel=\"noopener\"><img loading=\"lazy\" decoding=\"async\" width=\"777\" height=\"376\" src=\"https:\/\/sebastiancohen.net\/wp-content\/uploads\/2022\/03\/youtube-logo-png-transparent-background-469228.png\" alt=\"\" class=\"wp-image-141\" style=\"width:-346px;height:-167px\" srcset=\"https:\/\/sebastiancohen.net\/wp-content\/uploads\/2022\/03\/youtube-logo-png-transparent-background-469228.png 777w, https:\/\/sebastiancohen.net\/wp-content\/uploads\/2022\/03\/youtube-logo-png-transparent-background-469228-300x145.png 300w, https:\/\/sebastiancohen.net\/wp-content\/uploads\/2022\/03\/youtube-logo-png-transparent-background-469228-768x372.png 768w\" sizes=\"auto, (max-width: 777px) 100vw, 777px\" \/><\/a><\/figure>\n<\/div>\n\n\n<p><\/p>\n\n\n\n<div class=\"wp-block-buttons is-content-justification-center is-layout-flex wp-container-core-buttons-is-layout-16018d1d wp-block-buttons-is-layout-flex\">\n<div class=\"wp-block-button is-style-secondary\"><a class=\"wp-block-button__link has-neve-link-color-color has-nv-light-bg-background-color has-text-color has-background wp-element-button\" href=\"https:\/\/sebastiancohen.net\/es\/privacy-policy\/\">PRIVACY POLICY<\/a><\/div>\n<\/div>\n\n\n\n<p><\/p>","protected":false},"excerpt":{"rendered":"","protected":false},"author":1,"featured_media":0,"parent":0,"menu_order":0,"comment_status":"closed","ping_status":"closed","template":"","meta":{"neve_meta_sidebar":"","neve_meta_container":"","neve_meta_enable_content_width":"on","neve_meta_content_width":100,"neve_meta_title_alignment":"","neve_meta_author_avatar":"","neve_post_elements_order":"","neve_meta_disable_header":"","neve_meta_disable_footer":"","neve_meta_disable_title":"on","footnotes":""},"class_list":["post-13","page","type-page","status-publish","hentry"],"jetpack_sharing_enabled":true,"_links":{"self":[{"href":"https:\/\/sebastiancohen.net\/es\/wp-json\/wp\/v2\/pages\/13","targetHints":{"allow":["GET"]}}],"collection":[{"href":"https:\/\/sebastiancohen.net\/es\/wp-json\/wp\/v2\/pages"}],"about":[{"href":"https:\/\/sebastiancohen.net\/es\/wp-json\/wp\/v2\/types\/page"}],"author":[{"embeddable":true,"href":"https:\/\/sebastiancohen.net\/es\/wp-json\/wp\/v2\/users\/1"}],"replies":[{"embeddable":true,"href":"https:\/\/sebastiancohen.net\/es\/wp-json\/wp\/v2\/comments?post=13"}],"version-history":[{"count":52,"href":"https:\/\/sebastiancohen.net\/es\/wp-json\/wp\/v2\/pages\/13\/revisions"}],"predecessor-version":[{"id":400,"href":"https:\/\/sebastiancohen.net\/es\/wp-json\/wp\/v2\/pages\/13\/revisions\/400"}],"wp:attachment":[{"href":"https:\/\/sebastiancohen.net\/es\/wp-json\/wp\/v2\/media?parent=13"}],"curies":[{"name":"wp","href":"https:\/\/api.w.org\/{rel}","templated":true}]}}